{"id":32,"date":"2021-01-18T17:49:21","date_gmt":"2021-01-18T23:49:21","guid":{"rendered":"https:\/\/www.kyodaikaratedo.com\/?page_id=32"},"modified":"2024-10-09T14:00:46","modified_gmt":"2024-10-09T20:00:46","slug":"escuelas","status":"publish","type":"page","link":"https:\/\/www.kyodaikaratedo.com\/index.php\/escuelas\/","title":{"rendered":"Dojos"},"content":{"rendered":"\n<h2 class=\"wp-block-heading\">Escuelas&nbsp;<strong>KY\u014cDAI KARATE-DO<\/strong><\/h2>\n\n\n\n<h3 class=\"wp-block-heading\"><a href=\"https:\/\/www.kyodaikaratedo.com\/index.php\/2024\/09\/12\/kyodai-azteca\/\">KY\u014cDAI AZTECA<\/a><\/h3>\n\n\n\n<iframe data-src=\"https:\/\/www.google.com\/maps\/embed?pb=!1m18!1m12!1m3!1d3760.0536493126597!2d-99.01947908577985!3d19.539310142324453!2m3!1f0!2f0!3f0!3m2!1i1024!2i768!4f13.1!3m3!1m2!1s0x85d1f1834ae954cb%3A0x26be288418ad9092!2sKY%C5%8CDAI%20AZTECA!5e0!3m2!1ses!2smx!4v1611010748320!5m2!1ses!2smx\" width=\"600\" height=\"225\" frameborder=\"0\" style=\"border:0;\" allowfullscreen=\"\" aria-hidden=\"false\" tabindex=\"0\" src=\"data:image\/svg+xml;base64,PHN2ZyB3aWR0aD0iMSIgaGVpZ2h0PSIxIiB4bWxucz0iaHR0cDovL3d3dy53My5vcmcvMjAwMC9zdmciPjwvc3ZnPg==\" class=\"lazyload\" data-load-mode=\"1\"><\/iframe>\n\n\n\n<p>Blvd. Teocallis, esquina con Calle Chalco, Cd. Azteca 2da. Secci\u00f3n Ecatepec, Estado de M\u00e9xico, C.P. 55120<\/p>\n\n\n\n<p>Contacto: <a href=\"https:\/\/wa.me\/5518508050\">55 1850 8050<\/a><\/p>\n\n\n\n<p>Facebook: <a href=\"https:\/\/www.facebook.com\/toshinaztecakaratedo\">Ky\u014ddai Karate Do Azteca<\/a><\/p>\n\n\n\n<hr class=\"wp-block-separator has-css-opacity\"\/>\n\n\n\n<h3 class=\"wp-block-heading\"><a href=\"https:\/\/www.kyodaikaratedo.com\/index.php\/2024\/10\/02\/kyodai-chamizal\/\">KY\u014cDAI CHAMIZAL<\/a><\/h3>\n\n\n\n<iframe data-src=\"https:\/\/www.google.com\/maps\/embed?pb=!1m18!1m12!1m3!1d940.2312095352046!2d-99.06083311710216!3d19.501869258490785!2m3!1f0!2f0!3f0!3m2!1i1024!2i768!4f13.1!3m3!1m2!1s0x85d1fa592d03a36b%3A0xf0587a2530111cea!2sPdte.%20Miguel%20Alem%C3%A1n%20Valdez%2062%2C%20El%20Chamizal%2C%2055270%20Ecatepec%20de%20Morelos%2C%20M%C3%A9x.!5e0!3m2!1ses!2smx!4v1611011887115!5m2!1ses!2smx\" width=\"600\" height=\"225\" frameborder=\"0\" style=\"border:0;\" allowfullscreen=\"\" aria-hidden=\"false\" tabindex=\"0\" src=\"data:image\/svg+xml;base64,PHN2ZyB3aWR0aD0iMSIgaGVpZ2h0PSIxIiB4bWxucz0iaHR0cDovL3d3dy53My5vcmcvMjAwMC9zdmciPjwvc3ZnPg==\" class=\"lazyload\" data-load-mode=\"1\"><\/iframe>\n\n\n\n<p>Calle Miguel Alem\u00e1n, No. 62 Col. El Chamizal Ecatepec, Estado de M\u00e9xico, C.P. 55270<\/p>\n\n\n\n<p>Contacto: <a href=\"https:\/\/wa.me\/5529402847\">55 2940 2847<\/a><\/p>\n\n\n\n<p>Facebook: <a href=\"https:\/\/www.facebook.com\/toshinchamizal.karatedo.9\">Ky\u014ddai-chamizal Karate<\/a><\/p>\n\n\n\n<hr class=\"wp-block-separator has-css-opacity\"\/>\n\n\n\n<h3 class=\"wp-block-heading\"><a href=\"https:\/\/www.kyodaikaratedo.com\/index.php\/2024\/01\/29\/kyodai-heroes-col-san-jose-insurgentes\/\">KY\u014cDAI H\u00c9ROES<\/a><\/h3>\n\n\n\n<iframe data-src=\"https:\/\/www.google.com\/maps\/embed?pb=!1m18!1m12!1m3!1d3764.0143678609884!2d-99.1859670260406!3d19.368530542726344!2m3!1f0!2f0!3f0!3m2!1i1024!2i768!4f13.1!3m3!1m2!1s0x85d1ff6cd71ce217%3A0x9c5f2963ef5d086!2sKy%C5%8Ddai%20H%C3%A9roes%20Karate-Do!5e0!3m2!1ses!2smx!4v1726171337309!5m2!1ses!2smx\" width=\"600\" height=\"225\" frameborder=\"0\" style=\"border:0;\" allowfullscreen=\"\" aria-hidden=\"false\" tabindex=\"0\" src=\"data:image\/svg+xml;base64,PHN2ZyB3aWR0aD0iMSIgaGVpZ2h0PSIxIiB4bWxucz0iaHR0cDovL3d3dy53My5vcmcvMjAwMC9zdmciPjwvc3ZnPg==\" class=\"lazyload\" data-load-mode=\"1\"><\/iframe>\n\n\n\n<p>Acordada 58, San Jos\u00e9 Insurgentes, Benito Ju\u00e1rez, 03900 Ciudad de M\u00e9xico, CDMX<\/p>\n\n\n\n<p>Contacto: <a href=\"https:\/\/wa.me\/5517978864\">55 1797 8864<\/a><\/p>\n\n\n\n<p>Facebook: <a href=\"https:\/\/www.facebook.com\/KyodaiHeroesKarateDo\/\">Ky\u014ddai H\u00e9roes Karate-Do<\/a><\/p>\n\n\n\n<p>Instagram: <a href=\"https:\/\/www.instagram.com\/kyodaiheroeskaratedo\/?utm_source=qr&amp;igshid=MzNlNGNkZWQ4Mg%3D%3D\">@kyodaiheroeskaratedo<\/a><\/p>\n\n\n\n<hr class=\"wp-block-separator has-css-opacity\"\/>\n\n\n\n<h3 class=\"wp-block-heading\">KY\u014cDAI IZTAPALAPA<\/h3>\n\n\n\n<iframe data-src=\"https:\/\/www.google.com\/maps\/embed?pb=!1m18!1m12!1m3!1d3764.564130442583!2d-99.16625958578301!3d19.3447111484996!2m3!1f0!2f0!3f0!3m2!1i1024!2i768!4f13.1!3m3!1m2!1s0x85d1ffdc4f426093%3A0x2ce8c5e32f3e57de!2sAv%20Miguel%20%C3%81ngel%20de%20Quevedo%2C%20Ciudad%20de%20M%C3%A9xico%2C%20CDMX!5e0!3m2!1ses!2smx!4v1611012245977!5m2!1ses!2smx\" width=\"600\" height=\"225\" frameborder=\"0\" style=\"border:0;\" allowfullscreen=\"\" aria-hidden=\"false\" tabindex=\"0\" src=\"data:image\/svg+xml;base64,PHN2ZyB3aWR0aD0iMSIgaGVpZ2h0PSIxIiB4bWxucz0iaHR0cDovL3d3dy53My5vcmcvMjAwMC9zdmciPjwvc3ZnPg==\" class=\"lazyload\" data-load-mode=\"1\"><\/iframe>\n\n\n\n<p>Colonia el Moral, Iztapalapa, Ciudad de M\u00e9xico, C.P. 09010.<\/p>\n\n\n\n<p>Contacto: 5519350648<\/p>\n\n\n\n<p>Facebook: Ky\u014ddai Karate Do Iztapalapa<\/p>\n\n\n\n<hr class=\"wp-block-separator has-css-opacity\"\/>\n\n\n\n<h3 class=\"wp-block-heading\">KY\u014cDAI M\u00daZQUIZ<\/h3>\n\n\n\n<iframe data-src=\"https:\/\/www.google.com\/maps\/embed?pb=!1m18!1m12!1m3!1d5705.255002865586!2d-99.04022889864439!3d19.50576472787139!2m3!1f0!2f0!3f0!3m2!1i1024!2i768!4f13.1!3m3!1m2!1s0x85d1faebadabc52d%3A0x9a99483d6b02a56!2sSalon%20Romance!5e0!3m2!1ses!2smx!4v1623187788351!5m2!1ses!2smx\" width=\"600\" height=\"225\" frameborder=\"0\" style=\"border:0;\" allowfullscreen=\"\" aria-hidden=\"false\" tabindex=\"0\" src=\"data:image\/svg+xml;base64,PHN2ZyB3aWR0aD0iMSIgaGVpZ2h0PSIxIiB4bWxucz0iaHR0cDovL3d3dy53My5vcmcvMjAwMC9zdmciPjwvc3ZnPg==\" class=\"lazyload\" data-load-mode=\"1\"><\/iframe>\n\n\n\n<p>Av. L\u00e1zaro C\u00e1rdenas Mz 22 Lt 25, Valle de Arag\u00f3n, Ecatepec de Morelos, M\u00e9x, C.P. 55280<\/p>\n\n\n\n<p>Contacto: <a href=\"https:\/\/wa.me\/5518508050\">55 1850 8050<\/a><\/p>\n\n\n\n<p>Facebook: <a href=\"https:\/\/www.facebook.com\/kyodai.muzquiz\">Ky\u014ddai Karate Do M\u00fazquiz<\/a><\/p>\n\n\n\n<hr class=\"wp-block-separator has-css-opacity\"\/>\n\n\n\n<h3 class=\"wp-block-heading\"><a href=\"https:\/\/www.kyodaikaratedo.com\/index.php\/2024\/10\/09\/kyodai-tulpetlac\/\">KY\u014cDAI TULPETLAC<\/a><\/h3>\n\n\n\n<iframe data-src=\"https:\/\/www.google.com\/maps\/embed?pb=!1m14!1m8!1m3!1d15037.115147034041!2d-99.0621518!3d19.5725534!3m2!1i1024!2i768!4f13.1!3m3!1m2!1s0x85d1f10768036819%3A0x463e6d363f93cc07!2sKY%C5%8CDAI%20TULPETLAC%20KARATE%20DO!5e0!3m2!1ses!2smx!4v1728072612623!5m2!1ses!2smx\" width=\"600\" height=\"225\" frameborder=\"0\" style=\"border:0;\" allowfullscreen=\"\" aria-hidden=\"false\" tabindex=\"0\" src=\"data:image\/svg+xml;base64,PHN2ZyB3aWR0aD0iMSIgaGVpZ2h0PSIxIiB4bWxucz0iaHR0cDovL3d3dy53My5vcmcvMjAwMC9zdmciPjwvc3ZnPg==\" class=\"lazyload\" data-load-mode=\"1\"><\/iframe>\n\n\n\n<p>Av. M\u00e9xico Mz B Lt 10, Col. Ampliaci\u00f3n Tulpetlac Ecatepec, Estado de M\u00e9xico, C.P. 55418<\/p>\n\n\n\n<p>Contacto: <a href=\"https:\/\/wa.me\/5541859374\">55 4185 9374<\/a><\/p>\n\n\n\n<p>Facebook: <a href=\"https:\/\/www.facebook.com\/Tulpetlac.KarateDo\">Ky\u014ddai Tulpetlac Karate Do<\/a><\/p>\n\n\n\n<hr class=\"wp-block-separator has-css-opacity\"\/>\n\n\n\n<h3 class=\"wp-block-heading\"><a href=\"https:\/\/www.kyodaikaratedo.com\/index.php\/2024\/09\/17\/kyodai-valle\/\">KY\u014cDAI VALLE<\/a><\/h3>\n\n\n\n<iframe data-src=\"https:\/\/www.google.com\/maps\/embed?pb=!1m18!1m12!1m3!1d15042.65932748422!2d-99.06271678159864!3d19.513050716310676!2m3!1f0!2f0!3f0!3m2!1i1024!2i768!4f13.1!3m3!1m2!1s0x85d1fa8a1b177829%3A0x9775487e8e571a3d!2sKarate-Do%20Toshin%20Valle!5e0!3m2!1ses!2smx!4v1611013373061!5m2!1ses!2smx\" width=\"600\" height=\"225\" frameborder=\"0\" style=\"border:0;\" allowfullscreen=\"\" aria-hidden=\"false\" tabindex=\"0\" src=\"data:image\/svg+xml;base64,PHN2ZyB3aWR0aD0iMSIgaGVpZ2h0PSIxIiB4bWxucz0iaHR0cDovL3d3dy53My5vcmcvMjAwMC9zdmciPjwvc3ZnPg==\" class=\"lazyload\" data-load-mode=\"1\"><\/iframe>\n\n\n\n<p>Calle Filiberto G\u00f3mez Mz 94 Lt 1, Col. Granjas Valle de Guadalupe Ecatepec, Estado de M\u00e9xico, C.P. 55270<\/p>\n\n\n\n<p>Contacto: <a href=\"https:\/\/wa.me\/5539893840\">55 3989 3840<\/a><\/p>\n\n\n\n<p>Facebook: <a href=\"https:\/\/www.facebook.com\/KyodaiValleKaratedo\">Ky\u014ddai Valle Karate Do<\/a><\/p>\n","protected":false},"excerpt":{"rendered":"<p>Escuelas&nbsp;KY\u014cDAI KARATE-DO KY\u014cDAI AZTECA Blvd. Teocallis, esquina con Calle Chalco, Cd. Azteca 2da. Secci\u00f3n Ecatepec, Estado de M\u00e9xico, C.P. 55120 Contacto: 55 1850 8050 Facebook: Ky\u014ddai Karate Do Azteca KY\u014cDAI CHAMIZAL Calle Miguel Alem\u00e1n, No. 62 Col. El Chamizal Ecatepec, Estado de M\u00e9xico, C.P. 55270 Contacto: 55 2940 2847 Facebook: Ky\u014ddai-chamizal Karate KY\u014cDAI H\u00c9ROES Acordada [&hellip;]<\/p>\n","protected":false},"author":1,"featured_media":0,"parent":0,"menu_order":0,"comment_status":"closed","ping_status":"closed","template":"","meta":{"ocean_post_layout":"","ocean_both_sidebars_style":"","ocean_both_sidebars_content_width":0,"ocean_both_sidebars_sidebars_width":0,"ocean_sidebar":"0","ocean_second_sidebar":"0","ocean_disable_margins":"enable","ocean_add_body_class":"","ocean_shortcode_before_top_bar":"","ocean_shortcode_after_top_bar":"","ocean_shortcode_before_header":"","ocean_shortcode_after_header":"","ocean_has_shortcode":"","ocean_shortcode_after_title":"","ocean_shortcode_before_footer_widgets":"","ocean_shortcode_after_footer_widgets":"","ocean_shortcode_before_footer_bottom":"","ocean_shortcode_after_footer_bottom":"","ocean_display_top_bar":"default","ocean_display_header":"default","ocean_header_style":"","ocean_center_header_left_menu":"0","ocean_custom_header_template":"0","ocean_custom_logo":0,"ocean_custom_retina_logo":0,"ocean_custom_logo_max_width":0,"ocean_custom_logo_tablet_max_width":0,"ocean_custom_logo_mobile_max_width":0,"ocean_custom_logo_max_height":0,"ocean_custom_logo_tablet_max_height":0,"ocean_custom_logo_mobile_max_height":0,"ocean_header_custom_menu":"0","ocean_menu_typo_font_family":"0","ocean_menu_typo_font_subset":"","ocean_menu_typo_font_size":0,"ocean_menu_typo_font_size_tablet":0,"ocean_menu_typo_font_size_mobile":0,"ocean_menu_typo_font_size_unit":"px","ocean_menu_typo_font_weight":"","ocean_menu_typo_font_weight_tablet":"","ocean_menu_typo_font_weight_mobile":"","ocean_menu_typo_transform":"","ocean_menu_typo_transform_tablet":"","ocean_menu_typo_transform_mobile":"","ocean_menu_typo_line_height":0,"ocean_menu_typo_line_height_tablet":0,"ocean_menu_typo_line_height_mobile":0,"ocean_menu_typo_line_height_unit":"","ocean_menu_typo_spacing":0,"ocean_menu_typo_spacing_tablet":0,"ocean_menu_typo_spacing_mobile":0,"ocean_menu_typo_spacing_unit":"","ocean_menu_link_color":"","ocean_menu_link_color_hover":"","ocean_menu_link_color_active":"","ocean_menu_link_background":"","ocean_menu_link_hover_background":"","ocean_menu_link_active_background":"","ocean_menu_social_links_bg":"","ocean_menu_social_hover_links_bg":"","ocean_menu_social_links_color":"","ocean_menu_social_hover_links_color":"","ocean_disable_title":"default","ocean_disable_heading":"default","ocean_post_title":"","ocean_post_subheading":"","ocean_post_title_style":"","ocean_post_title_background_color":"","ocean_post_title_background":0,"ocean_post_title_bg_image_position":"","ocean_post_title_bg_image_attachment":"","ocean_post_title_bg_image_repeat":"","ocean_post_title_bg_image_size":"","ocean_post_title_height":0,"ocean_post_title_bg_overlay":0.5,"ocean_post_title_bg_overlay_color":"","ocean_disable_breadcrumbs":"default","ocean_breadcrumbs_color":"","ocean_breadcrumbs_separator_color":"","ocean_breadcrumbs_links_color":"","ocean_breadcrumbs_links_hover_color":"","ocean_display_footer_widgets":"default","ocean_display_footer_bottom":"default","ocean_custom_footer_template":"0","footnotes":""},"class_list":["post-32","page","type-page","status-publish","hentry","entry"],"yoast_head":"<!-- This site is optimized with the Yoast SEO plugin v27.1.1 - https:\/\/yoast.com\/product\/yoast-seo-wordpress\/ -->\n<title>Dojos<\/title>\n<meta name=\"description\" content=\"Escuelas&nbsp;KY\u014cDAI KARATE-DO KY\u014cDAI AZTECA Blvd. Teocallis, esquina con Calle Chalco, Cd. Azteca 2da. Secci\u00f3n Ecatepec, Estado de M\u00e9xico, C.P. 55120\" \/>\n<meta name=\"robots\" content=\"index, follow, max-snippet:-1, max-image-preview:large, max-video-preview:-1\" \/>\n<link rel=\"canonical\" href=\"https:\/\/www.kyodaikaratedo.com\/index.php\/escuelas\/\" \/>\n<meta property=\"og:locale\" content=\"es_MX\" \/>\n<meta property=\"og:type\" content=\"article\" \/>\n<meta property=\"og:title\" content=\"Dojos\" \/>\n<meta property=\"og:description\" content=\"Escuelas&nbsp;KY\u014cDAI KARATE-DO KY\u014cDAI AZTECA Blvd. Teocallis, esquina con Calle Chalco, Cd. Azteca 2da. Secci\u00f3n Ecatepec, Estado de M\u00e9xico, C.P. 55120\" \/>\n<meta property=\"og:url\" content=\"https:\/\/www.kyodaikaratedo.com\/index.php\/escuelas\/\" \/>\n<meta property=\"og:site_name\" content=\"KY\u014cDAI KARATE DO\" \/>\n<meta property=\"article:modified_time\" content=\"2024-10-09T20:00:46+00:00\" \/>\n<meta name=\"twitter:card\" content=\"summary_large_image\" \/>\n<meta name=\"twitter:label1\" content=\"Tiempo de lectura\" \/>\n\t<meta name=\"twitter:data1\" content=\"1 minuto\" \/>\n<script type=\"application\/ld+json\" class=\"yoast-schema-graph\">{\"@context\":\"https:\/\/schema.org\",\"@graph\":[{\"@type\":\"WebPage\",\"@id\":\"https:\/\/www.kyodaikaratedo.com\/index.php\/escuelas\/\",\"url\":\"https:\/\/www.kyodaikaratedo.com\/index.php\/escuelas\/\",\"name\":\"Dojos\",\"isPartOf\":{\"@id\":\"https:\/\/www.kyodaikaratedo.com\/#website\"},\"datePublished\":\"2021-01-18T23:49:21+00:00\",\"dateModified\":\"2024-10-09T20:00:46+00:00\",\"description\":\"Escuelas&nbsp;KY\u014cDAI KARATE-DO KY\u014cDAI AZTECA Blvd. Teocallis, esquina con Calle Chalco, Cd. Azteca 2da. Secci\u00f3n Ecatepec, Estado de M\u00e9xico, C.P. 55120\",\"breadcrumb\":{\"@id\":\"https:\/\/www.kyodaikaratedo.com\/index.php\/escuelas\/#breadcrumb\"},\"inLanguage\":\"es\",\"potentialAction\":[{\"@type\":\"ReadAction\",\"target\":[\"https:\/\/www.kyodaikaratedo.com\/index.php\/escuelas\/\"]}]},{\"@type\":\"BreadcrumbList\",\"@id\":\"https:\/\/www.kyodaikaratedo.com\/index.php\/escuelas\/#breadcrumb\",\"itemListElement\":[{\"@type\":\"ListItem\",\"position\":1,\"name\":\"Inicio\",\"item\":\"https:\/\/www.kyodaikaratedo.com\/\"},{\"@type\":\"ListItem\",\"position\":2,\"name\":\"Dojos\"}]},{\"@type\":\"WebSite\",\"@id\":\"https:\/\/www.kyodaikaratedo.com\/#website\",\"url\":\"https:\/\/www.kyodaikaratedo.com\/\",\"name\":\"KY\u014cDAI KARATE DO\",\"description\":\"Bienvenido a KY\u014cDAI KARATE DO, un espacio en el que vivir&aacute;s al m&aacute;ximo el camino de la mano vac&iacute;a.\",\"publisher\":{\"@id\":\"https:\/\/www.kyodaikaratedo.com\/#organization\"},\"potentialAction\":[{\"@type\":\"SearchAction\",\"target\":{\"@type\":\"EntryPoint\",\"urlTemplate\":\"https:\/\/www.kyodaikaratedo.com\/?s={search_term_string}\"},\"query-input\":{\"@type\":\"PropertyValueSpecification\",\"valueRequired\":true,\"valueName\":\"search_term_string\"}}],\"inLanguage\":\"es\"},{\"@type\":\"Organization\",\"@id\":\"https:\/\/www.kyodaikaratedo.com\/#organization\",\"name\":\"KY\u014cDAI KARATE DO\",\"url\":\"https:\/\/www.kyodaikaratedo.com\/\",\"logo\":{\"@type\":\"ImageObject\",\"inLanguage\":\"es\",\"@id\":\"https:\/\/www.kyodaikaratedo.com\/#\/schema\/logo\/image\/\",\"url\":\"https:\/\/www.kyodaikaratedo.com\/wp-content\/uploads\/2021\/01\/WhatsApp-Image-2021-01-15-at-2.18.00-PM.jpeg\",\"contentUrl\":\"https:\/\/www.kyodaikaratedo.com\/wp-content\/uploads\/2021\/01\/WhatsApp-Image-2021-01-15-at-2.18.00-PM.jpeg\",\"width\":946,\"height\":1193,\"caption\":\"KY\u014cDAI KARATE DO\"},\"image\":{\"@id\":\"https:\/\/www.kyodaikaratedo.com\/#\/schema\/logo\/image\/\"}}]}<\/script>\n<!-- \/ Yoast SEO plugin. -->","yoast_head_json":{"title":"Dojos","description":"Escuelas&nbsp;KY\u014cDAI KARATE-DO KY\u014cDAI AZTECA Blvd. Teocallis, esquina con Calle Chalco, Cd. Azteca 2da. Secci\u00f3n Ecatepec, Estado de M\u00e9xico, C.P. 55120","robots":{"index":"index","follow":"follow","max-snippet":"max-snippet:-1","max-image-preview":"max-image-preview:large","max-video-preview":"max-video-preview:-1"},"canonical":"https:\/\/www.kyodaikaratedo.com\/index.php\/escuelas\/","og_locale":"es_MX","og_type":"article","og_title":"Dojos","og_description":"Escuelas&nbsp;KY\u014cDAI KARATE-DO KY\u014cDAI AZTECA Blvd. Teocallis, esquina con Calle Chalco, Cd. Azteca 2da. Secci\u00f3n Ecatepec, Estado de M\u00e9xico, C.P. 55120","og_url":"https:\/\/www.kyodaikaratedo.com\/index.php\/escuelas\/","og_site_name":"KY\u014cDAI KARATE DO","article_modified_time":"2024-10-09T20:00:46+00:00","twitter_card":"summary_large_image","twitter_misc":{"Tiempo de lectura":"1 minuto"},"schema":{"@context":"https:\/\/schema.org","@graph":[{"@type":"WebPage","@id":"https:\/\/www.kyodaikaratedo.com\/index.php\/escuelas\/","url":"https:\/\/www.kyodaikaratedo.com\/index.php\/escuelas\/","name":"Dojos","isPartOf":{"@id":"https:\/\/www.kyodaikaratedo.com\/#website"},"datePublished":"2021-01-18T23:49:21+00:00","dateModified":"2024-10-09T20:00:46+00:00","description":"Escuelas&nbsp;KY\u014cDAI KARATE-DO KY\u014cDAI AZTECA Blvd. Teocallis, esquina con Calle Chalco, Cd. Azteca 2da. Secci\u00f3n Ecatepec, Estado de M\u00e9xico, C.P. 55120","breadcrumb":{"@id":"https:\/\/www.kyodaikaratedo.com\/index.php\/escuelas\/#breadcrumb"},"inLanguage":"es","potentialAction":[{"@type":"ReadAction","target":["https:\/\/www.kyodaikaratedo.com\/index.php\/escuelas\/"]}]},{"@type":"BreadcrumbList","@id":"https:\/\/www.kyodaikaratedo.com\/index.php\/escuelas\/#breadcrumb","itemListElement":[{"@type":"ListItem","position":1,"name":"Inicio","item":"https:\/\/www.kyodaikaratedo.com\/"},{"@type":"ListItem","position":2,"name":"Dojos"}]},{"@type":"WebSite","@id":"https:\/\/www.kyodaikaratedo.com\/#website","url":"https:\/\/www.kyodaikaratedo.com\/","name":"KY\u014cDAI KARATE DO","description":"Bienvenido a KY\u014cDAI KARATE DO, un espacio en el que vivir&aacute;s al m&aacute;ximo el camino de la mano vac&iacute;a.","publisher":{"@id":"https:\/\/www.kyodaikaratedo.com\/#organization"},"potentialAction":[{"@type":"SearchAction","target":{"@type":"EntryPoint","urlTemplate":"https:\/\/www.kyodaikaratedo.com\/?s={search_term_string}"},"query-input":{"@type":"PropertyValueSpecification","valueRequired":true,"valueName":"search_term_string"}}],"inLanguage":"es"},{"@type":"Organization","@id":"https:\/\/www.kyodaikaratedo.com\/#organization","name":"KY\u014cDAI KARATE DO","url":"https:\/\/www.kyodaikaratedo.com\/","logo":{"@type":"ImageObject","inLanguage":"es","@id":"https:\/\/www.kyodaikaratedo.com\/#\/schema\/logo\/image\/","url":"https:\/\/www.kyodaikaratedo.com\/wp-content\/uploads\/2021\/01\/WhatsApp-Image-2021-01-15-at-2.18.00-PM.jpeg","contentUrl":"https:\/\/www.kyodaikaratedo.com\/wp-content\/uploads\/2021\/01\/WhatsApp-Image-2021-01-15-at-2.18.00-PM.jpeg","width":946,"height":1193,"caption":"KY\u014cDAI KARATE DO"},"image":{"@id":"https:\/\/www.kyodaikaratedo.com\/#\/schema\/logo\/image\/"}}]}},"_links":{"self":[{"href":"https:\/\/www.kyodaikaratedo.com\/index.php\/wp-json\/wp\/v2\/pages\/32","targetHints":{"allow":["GET"]}}],"collection":[{"href":"https:\/\/www.kyodaikaratedo.com\/index.php\/wp-json\/wp\/v2\/pages"}],"about":[{"href":"https:\/\/www.kyodaikaratedo.com\/index.php\/wp-json\/wp\/v2\/types\/page"}],"author":[{"embeddable":true,"href":"https:\/\/www.kyodaikaratedo.com\/index.php\/wp-json\/wp\/v2\/users\/1"}],"replies":[{"embeddable":true,"href":"https:\/\/www.kyodaikaratedo.com\/index.php\/wp-json\/wp\/v2\/comments?post=32"}],"version-history":[{"count":21,"href":"https:\/\/www.kyodaikaratedo.com\/index.php\/wp-json\/wp\/v2\/pages\/32\/revisions"}],"predecessor-version":[{"id":1110,"href":"https:\/\/www.kyodaikaratedo.com\/index.php\/wp-json\/wp\/v2\/pages\/32\/revisions\/1110"}],"wp:attachment":[{"href":"https:\/\/www.kyodaikaratedo.com\/index.php\/wp-json\/wp\/v2\/media?parent=32"}],"curies":[{"name":"wp","href":"https:\/\/api.w.org\/{rel}","templated":true}]}}